{"id":110122,"date":"2022-10-16T18:56:52","date_gmt":"2022-10-16T16:56:52","guid":{"rendered":"https:\/\/byforsil.com\/?page_id=110122"},"modified":"2022-10-16T19:42:09","modified_gmt":"2022-10-16T17:42:09","slug":"condizioni-di-vendita","status":"publish","type":"page","link":"https:\/\/byforsil.com\/en\/condizioni-di-vendita\/","title":{"rendered":"Condizioni di Vendita"},"content":{"rendered":"[et_pb_section fb_built=&#8221;1&#8243; _builder_version=&#8221;4.18.0&#8243; _module_preset=&#8221;default&#8221; width=&#8221;98%&#8221; max_width=&#8221;98%&#8221; module_alignment=&#8221;center&#8221; hover_enabled=&#8221;0&#8243; global_colors_info=&#8221;{}&#8221; custom_margin=&#8221;0px|0px|0px|0px|true|true&#8221; custom_padding=&#8221;0px|0px|0px|0px|true|true&#8221; sticky_enabled=&#8221;0&#8243;][et_pb_row _builder_version=&#8221;4.18.0&#8243; _module_preset=&#8221;default&#8221; width=&#8221;98%&#8221; global_colors_info=&#8221;{}&#8221; custom_padding=&#8221;4px|||||&#8221;][et_pb_column type=&#8221;4_4&#8243; _builder_version=&#8221;4.18.0&#8243; _module_preset=&#8221;default&#8221; global_colors_info=&#8221;{}&#8221;][et_pb_text _builder_version=&#8221;4.18.0&#8243; _module_preset=&#8221;default&#8221; hover_enabled=&#8221;0&#8243; global_colors_info=&#8221;{}&#8221; sticky_enabled=&#8221;0&#8243; custom_padding=&#8221;||0px|||&#8221; custom_margin=&#8221;||0px||false|false&#8221;]<p><\/p>\n<h1>Condizioni generali di vendita per acquisti online sul sito BYFORSIL.COM<\/h1>\n<p><strong>\u00a0<\/strong><\/p>\n<p><strong>FOR-SIL S.r.l., <\/strong>con sede legale ed amministrativa in Cologno Monzese (MI), Via Perugino 29 &#8211; cap 20093, Societ\u00e0 a Responsabilit\u00e0 Limitata, capitale sociale Euro XXXXXX.= int. vers., numero di iscrizione al Registro Imprese di Milano e cod. fiscale XXXXXXXXXX, P. IVA n. 00854020963\u00a0 (di seguito <strong>&#8220;FOR-SIL&#8221;<\/strong>), rende disponibile a tutti gli utenti la possibilit\u00e0 di acquistare a mezzo Internet i prodotti e I servizi realizzati, (di seguito <strong>&#8220;Prodotti&#8221;<\/strong>) ed altres\u00ec una serie di Servizi, tra i quali i <em>Servizi di consegna <\/em>e altri (di seguito <strong>&#8220;Servizi&#8221;<\/strong>), tramite <u>BYFORSIL.COM<\/u> (di seguito <strong>&#8220;Sito&#8221;<\/strong>), di cui FOR-SIL ne \u00e8 l\u2019unica ed esclusiva titolare.<\/p>\n<p>&nbsp;<\/p>\n<h1>1) Note generali<\/h1>\n<p>Le presenti condizioni generali di vendita (<strong>&#8220;Condizioni Generali&#8221;<\/strong>) sono regolate dal Codice del Consumo (D. Lgs. n. 206\/2005 e s.m.i.) e dalle norme in materia di commercio elettronico (D. Lgs. n. 70\/2003 e s.m.i.) e si applicano esclusivamente alla vendita a distanza tramite web dei Prodotti mostrati su <u><a href=\"https:\/\/byforsil.com\/en\/\">BYFORSIL.COM<\/a>,<\/u> in corrispondenza dei quali \u00e8 presente il pulsante \u201cCompra online\u201d, e dei Servizi cos\u00ec come indicati nelle presenti Condizioni Generali nonch\u00e9 nella pagina <a href=\"https:\/\/byforsil.com\/en\/condizioni-di-vendita\/\" target=\"_blank\" rel=\"noopener\"><u>BYFORSIL.COM\/condizionidivendita<\/u><\/a>. In caso di variazioni delle Condizioni Generali, all&#8217;ordine di acquisto, come specificato ai successivi artt. 3 e 4 delle presenti Condizioni Generali (di seguito <strong>\u201cOrdine di Acquisto\u201d<\/strong>) si applicheranno le Condizioni Generali pubblicate sul Sito al momento dell&#8217;invio dell&#8217;Ordine stesso da parte del Cliente (di seguito <strong>\u201cCliente\u201d<\/strong>). Le presenti condizioni si applicano anche alla vendita a distanza tramite web dei Prodotti mostrati su <u>BYFORSIL.COM<\/u> qualora inserendo il proprio CAP nel Carrello dell\u2019Ordine vengano selezionate le opzioni di Trasporto, <strong>Consegna Veloce o Ritiro diretto.<br \/><\/strong>\u00a0<\/p>\n<h1>2) Offerta alla clientela<\/h1>\n<p>I Prodotti ed i Servizi con i relativi Prezzi come presenti nel Sito FOR-SI costituiscono un\u2019offerta alla clientela conformemente alle modalit\u00e0 precisate nelle Condizioni Generali, su <a href=\"https:\/\/byforsil.com\/en\/\"><u>BYFORSIL.COM<\/u><\/a>. Le Condizioni di tale offerta si applicano esclusivamente agli acquisti effettuati sul Sito web sopra indicato. I contratti d&#8217;acquisto stipulati sul Sito ed aventi ad oggetto i Prodotti ed i Servizi (di seguito <strong>&#8220;Contratti di Acquisto\u201d<\/strong>) sono conclusi con FOR-SIL S.r.l.\u00a0<\/p>\n<p>&nbsp;<\/p>\n<h1>3) Prezzi<\/h1>\n<p>Tutti i Prezzi dei Prodotti indicati sul Sito, sono al netto di Iva e sono quelli vigenti al momento su <a href=\"https:\/\/byforsil.com\/en\/\"><u>BYFORSIL.COM<\/u><\/a>. In caso di variazioni IVA, inclusa nei prezzi, saremo obbligati ad adeguarci alla normativa in vigore. Qualora, a causa di imprevedibili inconvenienti o guasti tecnici indipendenti dalla volont\u00e0 di FOR-SIL, il prezzo indicato sul sito dovesse risultare manifestamente inferiore rispetto a quello realmente applicato al bene offerto, FOR-SI contatter\u00e0 senza indugio il Cliente, il quale potr\u00e0 scegliere se pagare la differenza di prezzo e ricevere la consegna del bene oppure se ottenere l\u2019immediato annullamento dell\u2019Ordine, con successiva restituzione del prezzo versato. Le Spese dei Servizi messi a disposizione da FOR-SIL, cos\u00ec come indicate nei successivi paragrafi, sono a carico del Cliente ed adeguatamente dettagliate nell\u2019Ordine di Acquisto. Ai Prodotti ed ai Servizi si applica il Prezzo evidenziato sul Sito, al momento dell&#8217;invio dell&#8217;Ordine, senza alcuna considerazione di precedenti offerte o eventuali variazioni di Prezzo successivamente intervenute.\u00a0<\/p>\n<p>&nbsp;<\/p>\n<h1>4) Ordine<\/h1>\n<p>Gli Ordini di Acquisto dovranno essere effettuati online attraverso <u>BYFORSIL.COM.<\/u><\/p>\n<p>Per poter procedere alla compilazione dell\u2019Ordine di Acquisto il Cliente potr\u00e0, in alternativa, attenersi alle seguenti modalit\u00e0:<\/p>\n<ul>\n<li><strong> <\/strong>Nel caso in cui il Cliente sia gi\u00e0 un utente registrato FOR-SIL (di seguito <strong>&#8220;Utente registrato&#8221;<\/strong>), sar\u00e0 sufficiente inserire le proprie credenziali di accesso (username e password) inserendoli negli appositi campi della pagina di Login.<\/li>\n<\/ul>\n<ul>\n<li><strong> <\/strong>Nel caso in cui il Cliente non sia un Utente registrato, sar\u00e0 sufficiente inserire nell\u2019apposito form i dati richiesti, necessari per poter effettuare l\u2019Acquisto. FOR-SI ricorda che il Cliente, prima di procedere con l\u2019Acquisto potr\u00e0 in qualsiasi momento diventare Utente registrato effettuando la relativa registrazione online cliccando sulla pagina di login e da qui <strong>\u201cCrea un nuovo account\u201d<\/strong>.<\/li>\n<\/ul>\n<p>Il Cliente conclude correttamente la procedura d&#8217;ordine se il Sito non evidenzia alcun messaggio di errore (il sistema non pu\u00f2 rilevare errori in riferimento ai dati inseriti dal Cliente nel campo dedicato agli indirizzi per la fatturazione e per la spedizione). Il Contratto di Acquisto si intender\u00e0 concluso tra FOR-SI e il Cliente al momento della ricezione, da parte di FOR-SIL, dell\u2019Ordine effettuato dal Cliente, che sar\u00e0 conseguentemente vincolato al pagamento del relativo prezzo. FOR-SIL dar\u00e0 riscontro della ricezione dell&#8217;Ordine con l&#8217;invio di una e-mail di conferma d&#8217;ordine (di seguito <strong>\u201cConferma d\u2019Ordine\u201d<\/strong>) all&#8217;indirizzo di posta elettronica comunicato dal Cliente. Tale Conferma riepilogher\u00e0 i Prodotti ed i Servizi prescelti, i relativi Prezzi (incluse le spese di Consegna e le ulteriori spese riferite agli ulteriori Servizi richiesti dal Cliente), l&#8217;indirizzo per la consegna, il numero d\u2019ordine (di seguito <strong>\u201cNumero d\u2019Ordine\u201d<\/strong>), le Condizioni Generali di Vendita ivi previste e le eventuali Condizioni particolari applicabili al singolo Ordine e determinate a seguito di specifiche richieste del Cliente. FOR-SIL ricorda al Cliente di verificare con la massima attenzione e cura la correttezza dei dati contenuti nella Conferma d\u2019Ordine ed a comunicare a FOR-SIL entro il giorno successivo la richiesta di eventuali modifiche; in alcuni casi questo pu\u00f2 comportare l\u2019annullamento dell\u2019Ordine stesso (a titolo esemplificativo ma non esaustivo l\u2019inserimento del Cap errato). Il Numero dell\u2019Ordine, generato dal sistema e comunicato da FOR-SIL, dovr\u00e0 essere utilizzato in ogni comunicazione con FOR-SIL. \u00c8 possibile che si verifichino occasionali non disponibilit\u00e0 dei Prodotti offerti su BYFORSIL.COM. Qualora i Prodotti scelti dal Cliente non siano, in tutto o in parte, disponibili, FOR-SIL lo comunicher\u00e0 senza indugio. In questi casi, laddove il Cliente abbia gi\u00e0 provveduto all\u2019invio e al pagamento dell\u2019Ordine, FOR-SIL provveder\u00e0 all\u2019immediato rimborso del prezzo dei beni indisponibili e il relativo Ordine si intender\u00e0 annullato, eccezion fatta per l\u2019eventuale porzione di Ordine relativa agli ulteriori beni e servizi acquistati e disponibili.\u00a0<\/p>\n<p>&nbsp;<\/p>\n<h1>5) Modalit\u00e0 di pagamento<\/h1>\n<p>Il pagamento dell&#8217;Ordine o anticipo concordato, dovr\u00e0 essere effettuato al momento dell&#8217;inoltro a FOR-SIL dell&#8217;Ordine stesso. Il pagamento dovr\u00e0 avvenire online con Bonifico, Carta di Credito e\/o PayPal, seguendo le indicazioni riportate nel Sito stesso.<\/p>\n<p>Solo per il servizio di Progettazione in videoconferenza \u00e8 ammesso anche il pagamento tramite Bonifico e Finanziamento da erogarsi a cura di apposita societ\u00e0 finanziaria operante nel settore del Credito al Consumo e come indicato da FOR-SIL, in caso di Consumatore, il quale si avvalesse della procedura di Finanziamento. Per conoscere la documentazione richiesta, i tassi applicati e per provare la simulazione visitare <a href=\"https:\/\/byforsil.com\/en\/\">BYFORSIL.COM\/finanziamenti [SEZIONE IN ALLESTIMENTO].<\/a> Per motivi di sicurezza delle transazioni, FOR-SIL si riserva la facolt\u00e0 di richiedere l\u2019invio di copia di un documento di identit\u00e0 del titolare della Carta di Credito. Contestualmente alla comunicazione della Conferma d&#8217;Ordine, l&#8217;importo totale da corrispondersi sar\u00e0 addebitato al Cliente.<\/p>\n<p>FOR-SI provveder\u00e0 ad emettere fattura elettronica relativa all&#8217;Ordine di Acquisto, solo se il Cliente in fase di acquisto seleziona il canale telematico per la ricezione della fattura elettronica. Lasciando selezionata l\u2019opzione \u201cNon voglio la fattura\u201d, il Cliente dichiara di non voler ricevere fattura e non sar\u00e0 possibile per FOR-SIL emetterla successivamente alla conclusione dell\u2019Ordine. La fattura elettronica verr\u00e0 ricevuta dal cliente sul canale telematico indicato durante l\u2019acquisto. Per l&#8217;emissione della fattura faranno fede le informazioni fornite dal Cliente stesso. FOR-SIL, pertanto ricorda al Cliente di verificare sempre, con la massima attenzione, l\u2019esattezza delle informazioni fornite. La fattura elettronica non \u00e8 modificabile il giorno successivo all\u2019emissione.<\/p>\n<p>&nbsp;<\/p>\n<h1>6) Esportazioni\/esenzioni e agevolazioni IVA<\/h1>\n<p>I Prodotti FOR-SIL sono soggetti alle leggi ed ai regolamenti vigenti in materia doganale e di controllo delle esportazioni e pertanto devono essere acquistati, esportati e utilizzati in conformit\u00e0 a tali previsioni normative.<\/p>\n<ul>\n<li><strong> <\/strong><strong>Servizio di Ordini telefonici<\/strong><\/li>\n<\/ul>\n<p>FOR-SIL mette a disposizione dei propri Clienti la possibilit\u00e0 di avvalersi del supporto telefonico di personale addetto FOR-SIL per la compilazione e la definizione del proprio Ordine di Acquisto. Per usufruire di questo Servizio, il Cliente potr\u00e0 contattare il numero presente nella pagina CONTATTI, nei giorni e orario specificati, chiedendo espressamente all\u2019Operatore FOR-SIL di voler usufruire del Servizio in oggetto.<\/p>\n<p>FOR-SIL ricorda ai propri Clienti che per poter usufruire di tale Servizio \u00e8 necessario avere, oltre al collegamento telefonico, anche un account di posta elettronica per poter ricevere comunicazioni da parte di FOR-SIL finalizzate all\u2019espletamento del Servizio in oggetto, tra le quali, la comunicazione contenente il Preventivo FOR-SIL con lista dei Prodotti e dei Servizi FOR-SIL richiesti dal Cliente e relativi prezzi. Nelle comunicazioni, FOR-SIL provveder\u00e0 ad indicare al Cliente tutte le istruzioni per procedere con l\u2019accettazione del Preventivo e con il successivo pagamento dell\u2019Ordine di Acquisto che potr\u00e0 essere effettuato tramite bonifico istantaneo, carta di credito PayPal. Il pagamento dell\u2019Ordine di Acquisto dovr\u00e0 essere effettuato entro le ore 24:00 del giorno di richiesta del Servizio, diversamente l\u2019ordine verr\u00e0 cancellato.<\/p>\n<p>FOR-SIL infine ricorda che tramite l\u2019accettazione del Preventivo e la conseguente conclusione dell\u2019Ordine, il Cliente accetter\u00e0 anche le Condizioni di Vendita trasmesse unitamente al Preventivo prima della conclusione dell\u2019Ordine, nonch\u00e9 le eventuali ulteriori Condizioni particolari espressamente riportate nelle comunicazioni che FOR-SIL invier\u00e0 al Cliente tramite posta elettronica prima della conclusione dell\u2019Ordine.<\/p>\n<p>Per ulteriori informazioni il Cliente pu\u00f2 consultare la pagina <a href=\"https:\/\/byforsil.com\/en\/\">BYFORSIL.COM\/ordini-telefonici.<\/a><\/p>\n<p>In caso di richiesta di annullamento del servizio, si applicano le condizioni previste al paragrafo 10) Diritto di recesso.8) Modalit\u00e0 Servizi di Trasporto, Consegna.<\/p>\n<p>FOR-SIL mette a disposizione diverse tipologie di servizi di Trasporto e Consegna a pagamento a cura di Vettori ed Operatori specializzati, appositamente incaricati, sul territorio italiano ed estero. I costi e le caratteristiche delle soluzioni di seguito riportate, sono disponibili su <a href=\"https:\/\/byforsil.com\/en\/\"><u>BYFORSIL.COM\/servizi<\/u><\/a>. Tali costi saranno debitamente evidenziati nel carrello prima del pagamento e successivamente nella conferma d\u2019ordine.<\/p>\n<p>Sar\u00e0 responsabilit\u00e0 del Cliente fornire tutte le informazioni necessarie all\u2019esecuzione del Servizio, nonch\u00e9 verificare che le informazioni sull\u2019Ordine siano corrette e complete.<\/p>\n<p>Al momento della Consegna \u00e8 richiesta la presenza del Cliente oppure di una persona di fiducia per controllare che gli imballi siano integri e puliti e che i Prodotti ricevuti corrispondano a quanto riportato sul documento di trasporto, laddove previsto, oppure sull\u2019Ordine e nei casi in cui non \u00e8 previsto un documento di Trasporto. In caso di difetti visibili, quali la quantit\u00e0 errata e\/o prodotto errato e la non integrit\u00e0 degli imballi, FOR-SIL chiede al Cliente o all\u2019incaricato di sua fiducia di effettuare la segnalazione delle suddette anomalie sul documento di trasporto per consentire a FOR-SIL di procedere alla valutazione della segnalazione ricevuta.<\/p>\n<p>Qualora non fosse possibile eseguire e\/o completare i Servizi a causa di informazioni incorrette e\/o incomplete, FOR-SIL esporr\u00e0 al Cliente l&#8217;importo da corrispondere per l&#8217;esecuzione e\/o completamento dei Servizi; il Cliente potr\u00e0 decidere se procedere con il pagamento e dunque se confermare l&#8217;esecuzione dei Servizi stessi.<\/p>\n<p>Se l&#8217;ordine e i relativi Servizi sono stati pagati con bonifico per detrazione fiscale o tramite finanziamento, nel caso in cui il Cliente richieda un\u2019aggiunta di articoli, non sar\u00e0 possibile aggiungere articoli all\u2019Ordine originario. In questi casi, FOR-SIL proporr\u00e0 al Cliente l&#8217;emissione di un nuovo Ordine con addebito della merce e dei relativi servizi.<\/p>\n<p>In caso di richiesta di annullamento del servizio, si applicano le condizioni previste al paragrafo 10) Diritto di recesso.<br \/>\u00a0<\/p>\n<h1>9) Assistenza per Informazioni e Reclami<\/h1>\n<p>Il Cliente potr\u00e0 ricevere assistenza rivolgendosi al Servizio Clienti in store oppure online alla pagina <a href=\"https:\/\/byforsil.com\/en\/\">BYFORSIL.COM\/servizioclienti.<\/a> Qualora il Cliente dovesse risultare insoddisfatto dall\u2019assistenza prestata dal Servizio Clienti o dalla gestione del suo reclamo avente ad oggetto prodotti o servizi acquistati online, potr\u00e0 accedere alla piattaforma europea di risoluzione online delle controversie (ODR) al seguente link: <a href=\"https:\/\/ec.europa.eu\/consumers\/odr\/\">https:\/\/ec.europa.eu\/consumers\/odr\/<\/a>. Inviando il proprio reclamo sulla piattaforma il Cliente verr\u00e0 reindirizzato ad un elenco di organismi di risoluzione delle controversie (ADR) per poter poi attivare la relativa procedura.\u00a0<\/p>\n<p>&nbsp;<\/p>\n<h1>10) Diritto di recesso<\/h1>\n<p>Se il Cliente \u00e8 un <strong>\u201cConsumatore\u201d<\/strong>, cos\u00ec come definito all\u2019articolo 3 del Codice del Consumo, gli competono i diritti di cui agli art.52 e ss. del Codice del Consumo, cos\u00ec come modificato dal D.Lgs del 21\/02\/2014 n.21, e pertanto il diritto di recedere dal Contratto di Acquisto (di seguito <strong>\u201cDiritto di Recesso\u201d<\/strong>) per qualsiasi motivo, senza spiegazioni e senza alcuna penalit\u00e0, con le modalit\u00e0 di seguito precisate.<\/p>\n<p>Il Recesso potr\u00e0 avere ad oggetto tutti (Recesso Totale) o soltanto parte (Recesso Parziale) dei Prodotti e\/o Servizi FOR-SIL acquistati dal Consumatore sul sito BYFORSIL.COM. In caso di Prodotti, il periodo di Recesso scade dopo <strong>14 <\/strong>giorni dal giorno in cui il Consumatore o un terzo, diverso dal Vettore e designato dal Consumatore, acquisisce il possesso fisico dei\/del Prodotti\/o (di seguito <strong>\u201cPeriodo di Recesso\u201d<\/strong>). In caso di Servizi, il periodo di Recesso scade dopo <strong>14 <\/strong>giorni dal giorno della conclusione del contratto (di seguito <strong>\u201cPeriodo di Recesso\u201d<\/strong>), fatto salvo quanto previsto all\u2019art. 59 del Codice del Consumo in tema di esclusione del diritto di Recesso in caso di completa prestazione del Servizio qualora l\u2019esecuzione dello stesso venga iniziata con l\u2019accordo espresso del Consumatore. Il diritto di Recesso si esercita con l&#8217;invio &#8211; prima della scadenza del Periodo di Recesso come sopra indicato &#8211; di una comunicazione di recesso (di seguito <strong>\u201cComunicazione di Recesso\u201d<\/strong>), che pu\u00f2 essere inoltrata in uno dei seguenti modi:<\/p>\n<ol>\n<li>Accedendo alla pagina account del sito FOR-SIL il cliente dovr\u00e0 inserire il numero d\u2019Ordine e il proprio indirizzo mail o numero di telefono fornito in fase di acquisto, cliccando successivamente su \u201cGestisci l&#8217;ordine\u201d e poi su &#8220;cancella ordine&#8221;. Se non fosse possibile procedere con la cancellazione il Cliente dovr\u00e0 rivolgersi al Servizio Clienti in store oppure online su BYFORSIL.COM<u>.<\/u><\/li>\n<li>Inviando lettera raccomandata alla sede di FOR-SIL con specificati numero d\u2019ordine e motivazione del recesso.<\/li>\n<\/ol>\n<p>La Comunicazione di Recesso dovr\u00e0 specificare la volont\u00e0 di recedere dall&#8217;Acquisto ed il Prodotto\/Servizio o i Prodotti\/Servizi per i quali si intende esercitare il diritto di Recesso. A seguito del corretto esercizio del diritto di Recesso, cos\u00ec come delineato all\u2019art. 52 e ss. del Codice del Consumo come poc\u2019anzi citato<\/p>\n<p>Il Consumatore, ai sensi della normativa vigente, sar\u00e0 responsabile solo della diminuzione del valore del\/i Prodotto\/i risultante da una manipolazione dello\/degli stesso\/i diversa da quella necessaria per stabilire la natura, le caratteristiche ed il funzionamento del\/i Prodotto\/i. Se il diritto di Recesso \u00e8 stato correttamente esercitato secondo quanto previsto gli artt. 52 e ss., FOR-SIL provveder\u00e0 a rimborsare al Consumatore l&#8217;intero importo gi\u00e0 pagato per l\u2019acquisto dei Prodotti e\/o dei Servizi<strong>, <\/strong>entro 14 (quattordici) giorni dal giorno in cui \u00e8 stata informata della decisione del Consumatore di recedere dal Contratto di Acquisto. L&#8217;importo verr\u00e0 rimborsato tramite lo stesso mezzo di pagamento utilizzato dal Consumatore per la transazione iniziale, salvo espressa differente richiesta del Consumatore e a condizione che il Consumatore non debba sostenere alcun costo quale conseguenza del rimborso. FOR-SIL, ai sensi e per gli effetti dell\u2019art. 56 del Codice del Consumo come modificato dal D.Lgs n. 21\/2014, si riserva la facolt\u00e0 di trattenere il rimborso finch\u00e9 non abbia ricevuto i\/il Prodotti\/o oppure finch\u00e9 il Consumatore non abbia dimostrato di aver spedito i\/il Prodotti\/o, a seconda di quale situazione si verifichi prima.<\/p>\n<p>&nbsp;<\/p>\n<h1>11) Garanzie Legali e Convenzionali<\/h1>\n<ul>\n<li><strong> <\/strong><strong>Garanzia legale per il Cliente Consumatore: <\/strong>il Cliente Consumatore (di seguito, <strong>\u201cConsumatore\u201d<\/strong>), cos\u00ec come definito nell\u2019art. 3 del Codice del Consumo (di seguito, <strong>\u201cCodice del Consumo\u201d<\/strong>, D.Lgs 6 Settembre 2005, n. 206), ha diritto di avvalersi della garanzia legale prevista dal Codice del Consumo stesso agli articoli dal 128 al Tale Garanzia prevede, tra l\u2019altro, che il Consumatore, a pena di decadenza, denunci a FOR-SIL l\u2019eventuale difetto di conformit\u00e0 riscontrato nel prodotto acquistato entro 2 (due) mesi dalla scoperta (art. 132, Codice del Consumo). A seguito di tale denuncia, il Consumatore avr\u00e0 diritto a richiedere la riparazione o la sostituzione del Prodotto, fermi restando gli altri diritti previsti dalla legge in suo favore. In virt\u00f9 della Garanzia legale di cui sopra, FOR-SIL \u00e8 responsabile per i difetti di conformit\u00e0 che si manifestano entro 2 (due) anni dalla Consegna del Prodotto. Oltre tale termine, FOR-SIL, pertanto, non sar\u00e0 responsabile dei difetti di conformit\u00e0 riscontrati dal Consumatore. In caso di sostituzione o riparazione del Prodotto, i termini della Garanzia relativa al Prodotto dato in sostituzione o risultante dalla riparazione, sono i medesimi del prodotto originario. Pertanto, la durata complessiva biennale della Garanzia legale decorrer\u00e0 comunque dalla Consegna del prodotto originario. Per poter usufruire della Garanzia FOR-SIL raccomanda al Cliente di esibire il documento d\u2019acquisto. Si rinvia, in ogni caso, per la disciplina della Garanzia legale, alle norme del Codice del Consumo di cui agli articoli 128 e seguenti<\/li>\n<\/ul>\n<p>&nbsp;<\/p>\n<ul>\n<li><strong> <\/strong><strong>Garanzia legale per il Cliente non Consumatore (Professionista): <\/strong>il Cliente Professionista, cos\u00ec come definito nell\u2019art. 3 del Codice del Consumo, ha diritto di avvalersi della Garanzia legale prevista nel Codice Civile. Tale Garanzia prevede, tra l\u2019altro, che il Cliente non Consumatore, a pena di decadenza, denunci a FOR-SIL l\u2019eventuale vizio riscontrato nel prodotto acquistato entro 8 (otto) giorni dalla scoperta. La garanzia Legale di cui sopra \u00e8 valida per il termine massimo di 12 (dodici) mesi dalla Consegna del Prodotto. Oltre tale termine, FOR-SIL, pertanto, non sar\u00e0 responsabile dei vizi riscontrati dal Cliente non Consumatore. Per poter usufruire della Garanzia FOR-SILr accomanda al Cliente di esibire il documento d\u2019acquisto.<\/li>\n<\/ul>\n<p>&nbsp;<\/p>\n<p><em>Condizioni Generali di Vendita di FOR-SIL S.r.l. e Informativa Privacy per acquisti online alla pagina <u><a href=\"https:\/\/byforsil.com\/en\/privacy-policy\/\">BYFORSIL.COM\/privacy-policy<\/a>.<\/u> Valide dal 29 settembre 2022.<\/em><\/p>\n<p><\/p>[\/et_pb_text][\/et_pb_column][\/et_pb_row][\/et_pb_section]","protected":false},"excerpt":{"rendered":"<p>Condizioni generali di vendita per acquisti online sul sito BYFORSIL.COM \u00a0 FOR-SIL S.r.l., con sede legale ed amministrativa in Cologno Monzese (MI), Via Perugino 29 &#8211; cap 20093, Societ\u00e0 a Responsabilit\u00e0 Limitata, capitale sociale Euro XXXXXX.= int. vers., numero di iscrizione al Registro Imprese di Milano e cod. fiscale XXXXXXXXXX, P. IVA n. 00854020963\u00a0 (di [&hellip;]<\/p>","protected":false},"author":1,"featured_media":0,"parent":0,"menu_order":0,"comment_status":"closed","ping_status":"closed","template":"","meta":{"_et_pb_use_builder":"on","_et_pb_old_content":"","_et_gb_content_width":"","footnotes":""},"class_list":["post-110122","page","type-page","status-publish","hentry"],"_links":{"self":[{"href":"https:\/\/byforsil.com\/en\/wp-json\/wp\/v2\/pages\/110122","targetHints":{"allow":["GET"]}}],"collection":[{"href":"https:\/\/byforsil.com\/en\/wp-json\/wp\/v2\/pages"}],"about":[{"href":"https:\/\/byforsil.com\/en\/wp-json\/wp\/v2\/types\/page"}],"author":[{"embeddable":true,"href":"https:\/\/byforsil.com\/en\/wp-json\/wp\/v2\/users\/1"}],"replies":[{"embeddable":true,"href":"https:\/\/byforsil.com\/en\/wp-json\/wp\/v2\/comments?post=110122"}],"version-history":[{"count":5,"href":"https:\/\/byforsil.com\/en\/wp-json\/wp\/v2\/pages\/110122\/revisions"}],"predecessor-version":[{"id":110131,"href":"https:\/\/byforsil.com\/en\/wp-json\/wp\/v2\/pages\/110122\/revisions\/110131"}],"wp:attachment":[{"href":"https:\/\/byforsil.com\/en\/wp-json\/wp\/v2\/media?parent=110122"}],"curies":[{"name":"wp","href":"https:\/\/api.w.org\/{rel}","templated":true}]}}