{"id":110076,"date":"2022-10-07T15:08:39","date_gmt":"2022-10-07T13:08:39","guid":{"rendered":"https:\/\/byforsil.com\/?page_id=110076"},"modified":"2022-10-07T15:24:37","modified_gmt":"2022-10-07T13:24:37","slug":"cookies-policy","status":"publish","type":"page","link":"https:\/\/byforsil.com\/en\/cookies-policy\/","title":{"rendered":"Cookies Policy"},"content":{"rendered":"[et_pb_section fb_built=&#8221;1&#8243; _builder_version=&#8221;4.18.0&#8243; _module_preset=&#8221;default&#8221; width=&#8221;98%&#8221; max_width=&#8221;98%&#8221; module_alignment=&#8221;center&#8221; global_colors_info=&#8221;{}&#8221;][et_pb_row _builder_version=&#8221;4.18.0&#8243; _module_preset=&#8221;default&#8221; hover_enabled=&#8221;0&#8243; global_colors_info=&#8221;{}&#8221; width=&#8221;98%&#8221; sticky_enabled=&#8221;0&#8243;][et_pb_column type=&#8221;4_4&#8243; _builder_version=&#8221;4.18.0&#8243; _module_preset=&#8221;default&#8221; global_colors_info=&#8221;{}&#8221;][et_pb_text _builder_version=&#8221;4.18.0&#8243; _module_preset=&#8221;default&#8221; hover_enabled=&#8221;0&#8243; global_colors_info=&#8221;{}&#8221; sticky_enabled=&#8221;0&#8243;]<p><\/p>\n<p><strong>Che cosa sono i cookie<br \/><\/strong>Il cookie \u00e8 un piccolo file di testo contenente una certa quantit\u00e0 di informazioni scambiato tra un sito internet ed il tuo terminale (solitamente il browser) ed \u00e8 normalmente utilizzato dal gestore del sito internet per memorizzare le informazioni necessarie a migliorare la navigazione all\u2019interno del sito ovvero per inviare messaggi pubblicitari in linea con le preferenze manifestate dall\u2019utente nell\u2019ambito della navigazione in rete. Quando si visita di nuovo lo stesso sito o qualunque altro sito il dispositivo dell\u2019utente verifica la presenza di un cookie riconosciuto, in modo da potere leggere le informazioni in esso contenute. I diversi cookie contengono informazioni diverse e sono utilizzati per scopi differenti (navigazione efficiente nelle pagine di un medesimo sito, profilazione al fine di inviare messaggi promozionali mirati, analisi sul numero delle visite al sito). Nel corso della navigazione l\u2019utente pu\u00f2 ricevere sul suo terminale anche cookie inviati da siti o da web server diversi (c.d. terze parti), sui quali possono risiedere alcuni elementi (ad es. immagini, mappe, suoni, specifici link a pagine di altri domini) presenti sul sito che l\u2019utente sta visitando. Pi\u00f9 in generale, alcuni cookie (definiti cookie di sessione) sono assegnati al dispositivo dell\u2019utente soltanto per la durata dell\u2019accesso al sito e scadono automaticamente alla chiusura del browser. Altri cookie (definiti persistenti) restano nel dispositivo per un periodo di tempo prolungato. Le specifiche finalit\u00e0 delle diverse tipologie di cookie installati in questo sito sono di seguito descritte. Puoi disattivare i cookie seguendo le informazioni di seguito riportate.<\/p>\n<p><strong>Caratteristiche e finalit\u00e0 dei cookie installati dal sito<br \/><\/strong>Se non vuoi ricevere cookie, puoi modificare le impostazioni del tuo browser in modo che ti venga notificato quando dei cookie vengono inviati o in modo tu possa rifiutare i cookie stessi. Puoi anche cancellare i cookie che sono gi\u00e0 stati installati sul tuo dispositivo. Se vuoi limitare o bloccare i cookie del browser che sono gi\u00e0 installati sul tuo dispositivo, puoi farlo attraverso il settaggio del browser stesso: la funzione \u201cImpostazioni\u201d nel browser ti dovrebbe dire come. Per maggiori informazioni sui cookie e su come gestirli, puoi visitare <a href=\"https:\/\/www.aboutcookies.org\/\">AboutCookies.org<\/a> che contiene dettagliate informazioni su come intervenire sulle diverse tipologie di browser. Disattivando i cookie rischi di perdere alcune funzionalit\u00e0 del sito.<\/p>\n<p><strong>Come utilizziamo i cookie?<br \/><\/strong>Di seguito le informazioni necessarie all\u2019individuazione dei cookie installati, della loro funzione e della loro durata sul tuo dispositivo.<\/p>\n<p><strong>Cookie tecnici<br \/><\/strong>Questa tipologia di cookie permette il corretto funzionamento di alcune sezioni del Sito. Sono di due categorie: persistenti e di sessione:<br \/>\u2013 persistenti: una volta chiuso il browser non vengono distrutti ma rimangono fino ad una data di scadenza preimpostata;<br \/>\u2013 di sessione: vengono distrutti ogni volta che il browser viene chiuso.<br \/>Questi cookie, inviati sempre dal nostro dominio, sono necessari a visualizzare correttamente il sito e in relazione ai servizi tecnici offerti, verranno quindi sempre utilizzati e inviati, a meno che l\u2019utenza non modifichi le impostazioni nel proprio browser (inficiando cos\u00ec la visualizzazione delle pagine del sito).<\/p>\n<p><strong>Cookie analitici<br \/><\/strong>I cookie in questa categoria vengono utilizzati per collezionare informazioni sull\u2019uso del sito. Kline user\u00e0 queste informazioni in merito ad analisi statistiche anonime al fine di migliorare l\u2019utilizzo del Sito e per rendere i contenuti pi\u00f9 interessanti e attinenti ai desideri dell\u2019utenza. Questa tipologia di cookie raccoglie dati in forma anonima sull\u2019attivit\u00e0 dell\u2019utenza e su come \u00e8 arrivata sul Sito. I cookie analitici sono inviati dal Sito Stesso o da domini di terze parti.<\/p>\n<p><strong>Cookie di analisi di servizi di terze parti<br \/><\/strong>Questi cookie sono utilizzati al fine di raccogliere informazioni sull\u2019uso del Sito da parte degli utenti in forma anonima quali: pagine visitate, tempo di permanenza, origini del traffico di provenienza, provenienza geografica, et\u00e0, genere e interessi ai fini di campagne di marketing. Questi cookie sono inviati da domini di terze parti esterni al Sito.<\/p>\n<p><strong>Cookie per integrare prodotti e funzioni di software di terze parti<br \/><\/strong>Questa tipologia di cookie integra funzionalit\u00e0 sviluppate da terzi all\u2019interno delle pagine del Sito come le icone e le preferenze espresse nei social network al fine di condivisione dei contenuti del sito o per l\u2019uso di servizi software di terze parti (come i software per generare le mappe e ulteriori software che offrono servizi aggiuntivi). Questi cookie sono inviati da domini di terze parti e da siti partner che offrono le loro funzionalit\u00e0 tra le pagine del Sito.<\/p>\n<p><strong>Cookie di profilazione<br \/><\/strong>Sono quei cookie necessari a creare profili utenti al fine di inviare messaggi pubblicitari in linea con le preferenze manifestate dall\u2019utente all\u2019interno delle pagine del Sito.<\/p>\n<p><strong>Siti Web e servizi di terze parti<br \/><\/strong>Il Sito potrebbe contenere collegamenti ad altri siti Web che dispongono di una propria informativa sulla privacy che pu\u00f2 essere diversa da quella adottata da baranzate.it e che quindi non risponde di questi siti.<\/p>\n<p><strong>Elenco cookie utilizzati da byforsil,com<\/strong><\/p>\n<p><strong>Cookie di sistema<br \/><\/strong>Il sito byforsil.com utilizza cookie per garantire all\u2019utente una migliore esperienza di navigazione; tali cookie sono indispensabili per la fruizione corretta del sito. Puoi disabilitare questi cookie dal browser seguendo le indicazioni nel paragrafo dedicato, ma comprometterai la tua esperienza sul sito e non potremo rispondere dei malfunzionamenti.<\/p>\n<p><strong>Google Analytics<br \/><\/strong>Si tratta di cookie di monitoraggio per la generazione di statistiche sull\u2019utilizzo del sito. Google Analytics utilizza cookie che non memorizzano dati personali e che vengono depositati sul computer dell\u2019utente per consentire al gestore del sito web di analizzare come gli utenti utilizzano il sito stesso.<\/p>\n<p><strong>Hubspot<br \/><\/strong>Si tratta di cookie di tracciamento persistenti o non e proprietari, usati per migliorare l\u2019esperienza utente durante le visite sul nostro sito web, offrendo servizi personalizzati per il visitatore, sia su questo sito che su altri strumenti multimediali.<\/p>\n<p><strong>Cookie rilasciati da Youtube<br \/><\/strong>Si tratta di cookie di terze parti rilasciati in caso di accesso a video presenti su Youtube. I siti web spesso raccolgono informazioni sul modo in cui gli utenti interagiscono con essi. Tali informazioni potrebbero riguardare le pagine visitate pi\u00f9 spesso dagli utenti e gli eventuali messaggi di errore che ricevono da determinate pagine.<\/p>\n<p><strong>Facebook remarketing<br \/><\/strong>Il sito utilizza facebook remarketing per attivit\u00e0 di remarketing. Si tratta di un servizio offerto da Facebook Inc., che comporta l\u2019installazione di cookie e pixel utilizzati per proporre annunci maggiormente attinenti agli interessi dell\u2019utente. Tali strumenti sono utilizzati da Kline per attivit\u00e0 di remarketing.<\/p>\n<p><strong>Informazioni sui cookie<br \/><\/strong>Informazioni relative ai cookie rilasciati da Google Analytics sono disponibili al seguente link:<br \/><a href=\"https:\/\/developers.google.com\/analytics\/devguides\/collection\/analyticsjs\/cookie-usage\">https:\/\/developers.google.com\/analytics\/devguides\/collection\/analyticsjs\/cookie-usage<\/a><br \/>Informazioni relative ai cookie rilasciati da Hubspot sono disponibili al seguente link: <a href=\"https:\/\/knowledge.hubspot.com\/articles\/kcs_article\/reports\/what-cookies-does-hubspot-set-in-a-visitor-s-browser\">https:\/\/knowledge.hubspot.com\/articles\/kcs_article\/reports\/what-cookies-does-hubspot-set-in-a-visitor-s-browser <\/a><br \/>Informazioni relative ai cookie rilasciati da Youtube sono disponibili al seguente link: <a href=\"https:\/\/www.google.com\/policies\/technologies\/types\/\">https:\/\/www.google.com\/policies\/technologies\/types\/ <\/a><br \/>Informazioni relative ai cookie rilasciati da Facebook sono disponibili al seguente link: <a href=\"https:\/\/www.facebook.com\/help\/cookies\">https:\/\/www.facebook.com\/help\/cookies<\/a><strong><\/strong><\/p>\n<p><strong>Come prestare o revocare il consenso<br \/>For-Sil SrL<\/strong>, secondo la normativa vigente, non \u00e8 tenuto a chiedere consenso per i cookie tecnici e di analytics, in quanto necessari a fornire i servizi richiesti. Per tutte le altre tipologie di cookie il consenso pu\u00f2 essere espresso dall\u2019Utente con una o pi\u00f9 di una delle seguenti modalit\u00e0:<br \/>\u2013 Mediante specifiche configurazioni del browser utilizzato o dei relativi programmi informatici utilizzati per navigare le pagine che compongono il Sito.<br \/>\u2013 Mediante modifica delle impostazioni nell\u2019uso dei servizi di terze parti<br \/><strong>Entrambe queste soluzioni potrebbero impedire all\u2019utente di utilizzare o visualizzare parti del Sito.<\/strong> Il consenso all\u2019utilizzo dei cookie viene prestato inizialmente, alla comparsa del popup, proseguendo nella navigazione sul nostro sito, e pu\u00f2 essere revocato in ogni momento secondo quanto sopra indicato.<\/p>\n<p><strong>Come disabilitare i cookie mediante configurazione del browser<br \/><\/strong>Se desideri approfondire le modalit\u00e0 con cui il tuo browser memorizza i cookies durante la tua navigazione, ti invitiamo a seguire questi link sui siti dei rispettivi fornitori.<br \/>\u2013 Mozilla Firefox <a href=\"https:\/\/support.mozilla.org\/it\/kb\/Gestione%20dei%20cookie\">https:\/\/support.mozilla.org\/it\/kb\/Gestione%20dei%20cookie<\/a><br \/>\u2013 Google Chrome <a href=\"https:\/\/support.google.com\/chrome\/answer\/95647?hl=it\">https:\/\/support.google.com\/chrome\/answer\/95647?hl=it<\/a><br \/>\u2013 Internet Explorer <a href=\"http:\/\/windows.microsoft.com\/it-it\/windows-vista\/block-or-allow-cookies\">http:\/\/windows.microsoft.com\/it-it\/windows-vista\/block-or-allow-cookies<\/a><br \/>\u2013 Safari 6\/7 Mavericks <a href=\"https:\/\/support.apple.com\/kb\/PH17191?viewlocale=it_IT&amp;locale=it_IT\">https:\/\/support.apple.com\/kb\/PH17191?viewlocale=it_IT&amp;locale=it_IT<\/a><br \/>\u2013 Safari 8 Yosemite <a href=\"https:\/\/support.apple.com\/kb\/PH19214?viewlocale=it_IT&amp;locale=it_IT\">https:\/\/support.apple.com\/kb\/PH19214?viewlocale=it_IT&amp;locale=it_IT<\/a><br \/>\u2013 Safari su iPhone, iPad, o iPod touch <a href=\"https:\/\/support.apple.com\/it-it\/HT201265\">https:\/\/support.apple.com\/it-it\/HT201265<\/a><\/p>\n<p><strong>I tuoi diritti e i Responsabili del trattamento<br \/><\/strong>Ti ricordiamo che hai il diritto in qualunque momento di ottenere la conferma dell\u2019esistenza o meno dei medesimi dati e di conoscerne il contenuto e l\u2019origine, verificarne l\u2019esattezza o chiederne l\u2019integrazione o l\u2019aggiornamento, oppure la rettificazione.<br \/>Hai, inoltre, il diritto di chiedere la cancellazione, la trasformazione in forma anonima o il blocco dei dati trattati in violazione di legge, nonch\u00e9 di opporti in ogni caso, per motivi legittimi, al loro trattamento. Le richieste vanno rivolte:<br \/>\u2013 via e-mail, al nostro Privacy Officer: <a href=\"mailto:privacy@byforsil.com\">privacy@byforsil.com<\/a><br \/>\u2013 oppure via posta, a For-Sil SrL \u2013 Via Perugino 29 &#8211; 20093 Cologno Monzese (MI), Italia.<br \/>Per le ulteriori informazioni sui trattamenti di dati personali da For-Sil SrL Via Perugino 29 &#8211; 20093 Cologno Monzese (MI), consultare la <a href=\"https:\/\/fcgroup.education\/privacy-policy\/\">Privacy Policy<\/a>.<\/p>\n<p><\/p>\n<p><\/p>\n<p><\/p>\n<p><\/p>\n<p><\/p>\n<p><\/p>\n<p><\/p>\n<p><\/p>\n<p><\/p>\n<p><\/p>\n<p><\/p>\n<p><\/p>\n<p><\/p>\n<p><\/p>\n<p><\/p>\n<p><\/p>\n<p><\/p>\n<p><\/p>\n<p><\/p>\n<p><\/p>\n<p><\/p>\n<p><\/p>\n<p><\/p>\n<p><\/p>\n<p><\/p>\n<p><\/p>\n<p><\/p>\n<p><\/p>\n<p><\/p>\n<p><\/p>\n<p><\/p>\n<p><\/p>\n<p><\/p>\n<p><\/p>\n<p><\/p>\n<p><\/p>\n<p><\/p>\n<p><\/p>\n<p><\/p>\n<p><\/p>\n<p><\/p>\n<p><\/p>\n<p><\/p>\n<p><\/p>\n<p><\/p>\n<p><\/p>\n<p><\/p>\n<p><\/p>\n<p><\/p>\n<p><\/p>\n<p><\/p>\n<p><\/p>\n<p><\/p>\n<p><\/p>\n<p><\/p>\n<p><\/p>\n<p><\/p>\n<p><\/p>\n<p><\/p>\n<p><\/p>\n<p><\/p>\n<p><\/p>\n<p><\/p>\n<p><\/p>\n<p><\/p>\n<p><\/p>\n<p><\/p>\n<p><\/p>\n<p><\/p>\n<p><\/p>\n<p><\/p>\n<p><\/p>\n<p><\/p>[\/et_pb_text][\/et_pb_column][\/et_pb_row][\/et_pb_section]","protected":false},"excerpt":{"rendered":"<p>Che cosa sono i cookieIl cookie \u00e8 un piccolo file di testo contenente una certa quantit\u00e0 di informazioni scambiato tra un sito internet ed il tuo terminale (solitamente il browser) ed \u00e8 normalmente utilizzato dal gestore del sito internet per memorizzare le informazioni necessarie a migliorare la navigazione all\u2019interno del sito ovvero per inviare messaggi [&hellip;]<\/p>","protected":false},"author":1,"featured_media":0,"parent":0,"menu_order":0,"comment_status":"closed","ping_status":"closed","template":"","meta":{"_et_pb_use_builder":"on","_et_pb_old_content":"","_et_gb_content_width":"","footnotes":""},"class_list":["post-110076","page","type-page","status-publish","hentry"],"_links":{"self":[{"href":"https:\/\/byforsil.com\/en\/wp-json\/wp\/v2\/pages\/110076","targetHints":{"allow":["GET"]}}],"collection":[{"href":"https:\/\/byforsil.com\/en\/wp-json\/wp\/v2\/pages"}],"about":[{"href":"https:\/\/byforsil.com\/en\/wp-json\/wp\/v2\/types\/page"}],"author":[{"embeddable":true,"href":"https:\/\/byforsil.com\/en\/wp-json\/wp\/v2\/users\/1"}],"replies":[{"embeddable":true,"href":"https:\/\/byforsil.com\/en\/wp-json\/wp\/v2\/comments?post=110076"}],"version-history":[{"count":4,"href":"https:\/\/byforsil.com\/en\/wp-json\/wp\/v2\/pages\/110076\/revisions"}],"predecessor-version":[{"id":110084,"href":"https:\/\/byforsil.com\/en\/wp-json\/wp\/v2\/pages\/110076\/revisions\/110084"}],"wp:attachment":[{"href":"https:\/\/byforsil.com\/en\/wp-json\/wp\/v2\/media?parent=110076"}],"curies":[{"name":"wp","href":"https:\/\/api.w.org\/{rel}","templated":true}]}}