{"id":109961,"date":"2022-10-03T11:56:15","date_gmt":"2022-10-03T09:56:15","guid":{"rendered":"https:\/\/byforsil.com\/?page_id=109961"},"modified":"2023-01-17T16:20:06","modified_gmt":"2023-01-17T15:20:06","slug":"chi-siamo","status":"publish","type":"page","link":"https:\/\/byforsil.com\/de\/chi-siamo\/","title":{"rendered":"Chi Siamo"},"content":{"rendered":"<p>[et_pb_section fb_built=&#8221;1&#8243; fullwidth=&#8221;on&#8221; _builder_version=&#8221;4.18.0&#8243; _module_preset=&#8221;default&#8221; background_enable_color=&#8221;off&#8221; background_enable_image=&#8221;off&#8221; width=&#8221;98%&#8221; max_width=&#8221;98%&#8221; module_alignment=&#8221;center&#8221; max_height=&#8221;600px&#8221; max_height_tablet=&#8221;600px&#8221; max_height_phone=&#8221;600px&#8221; max_height_last_edited=&#8221;on|phone&#8221; global_colors_info=&#8221;{}&#8221;][et_pb_fullwidth_header title=&#8221;FOR-SIL STAMPAGGIO ELASTOMERI&#8221; subhead=&#8221;CHI SIAMO&#8221; _builder_version=&#8221;4.18.0&#8243; _module_preset=&#8221;default&#8221; title_font=&#8221;|700|||||||&#8221; title_text_align=&#8221;center&#8221; title_text_color=&#8221;#FFFFFF&#8221; title_font_size=&#8221;60px&#8221; title_line_height=&#8221;2em&#8221; content_font_size=&#8221;45px&#8221; content_line_height=&#8221;1.5em&#8221; subhead_font=&#8221;|700|||||||&#8221; subhead_text_align=&#8221;center&#8221; subhead_text_color=&#8221;#FFFFFF&#8221; subhead_font_size=&#8221;60px&#8221; subhead_line_height=&#8221;1.2em&#8221; background_enable_color=&#8221;off&#8221; background_image=&#8221;https:\/\/byforsil.com\/wp-content\/uploads\/2022\/09\/sfondo_home_scuro.jpg&#8221; min_height=&#8221;700px&#8221; height=&#8221;700px&#8221; max_height=&#8221;700px&#8221; custom_margin=&#8221;0px|0px|0px|0px|true|false&#8221; custom_padding=&#8221;200px|0px|0px|0px|false|false&#8221; title_font_tablet=&#8221;|700|||||||&#8221; title_font_phone=&#8221;|700|||||||&#8221; title_font_last_edited=&#8221;on|desktop&#8221; title_text_align_tablet=&#8221;center&#8221; title_text_align_phone=&#8221;center&#8221; title_text_align_last_edited=&#8221;on|tablet&#8221; title_font_size_tablet=&#8221;36px&#8221; title_font_size_phone=&#8221;24px&#8221; title_font_size_last_edited=&#8221;on|phone&#8221; content_font_size_tablet=&#8221;38px&#8221; content_font_size_phone=&#8221;20px&#8221; content_font_size_last_edited=&#8221;on|phone&#8221; subhead_font_size_tablet=&#8221;46px&#8221; subhead_font_size_phone=&#8221;36px&#8221; subhead_font_size_last_edited=&#8221;on|tablet&#8221; global_colors_info=&#8221;{}&#8221;][\/et_pb_fullwidth_header][\/et_pb_section][et_pb_section fb_built=&#8221;1&#8243; admin_label=&#8221;Dati di Crescita&#8221; _builder_version=&#8221;4.18.0&#8243; _module_preset=&#8221;default&#8221; background_color=&#8221;RGBA(255,255,255,0)&#8221; width=&#8221;98%&#8221; max_width=&#8221;98%&#8221; module_alignment=&#8221;center&#8221; custom_padding=&#8221;200px||||false|false&#8221; global_colors_info=&#8221;{}&#8221;][et_pb_row column_structure=&#8221;1_4,1_4,1_4,1_4&#8243; _builder_version=&#8221;4.18.0&#8243; _module_preset=&#8221;default&#8221; border_width_all=&#8221;1px&#8221; border_color_all=&#8221;#FFFFFF&#8221; global_colors_info=&#8221;{}&#8221;][et_pb_column type=&#8221;1_4&#8243; _builder_version=&#8221;4.18.0&#8243; _module_preset=&#8221;default&#8221; global_colors_info=&#8221;{}&#8221;][et_pb_blurb title=&#8221;+60%&#8221; image_icon_background_color=&#8221;RGBA(255,255,255,0)&#8221; image=&#8221;https:\/\/byforsil.com\/wp-content\/uploads\/2022\/10\/crescita.png&#8221; alt=&#8221;Foir-Sil Crescita Azienda&#8221; image_icon_width=&#8221;84%&#8221; _builder_version=&#8221;4.18.0&#8243; _module_preset=&#8221;default&#8221; header_level=&#8221;h2&#8243; header_text_align=&#8221;center&#8221; header_text_color=&#8221;#FFFFFF&#8221; header_font_size=&#8221;36px&#8221; header_line_height=&#8221;1.3em&#8221; body_text_align=&#8221;center&#8221; body_text_color=&#8221;#FFFFFF&#8221; body_font_size=&#8221;28px&#8221; header_font_size_tablet=&#8221;30px&#8221; header_font_size_phone=&#8221;30px&#8221; header_font_size_last_edited=&#8221;on|desktop&#8221; body_font_size_tablet=&#8221;26px&#8221; body_font_size_phone=&#8221;23px&#8221; body_font_size_last_edited=&#8221;on|phone&#8221; global_colors_info=&#8221;{}&#8221;]<\/p>\n<p>Wachstum<\/p>\n<p>[\/et_pb_blurb][\/et_pb_column][et_pb_column type=&#8221;1_4&#8243; _builder_version=&#8221;4.18.0&#8243; _module_preset=&#8221;default&#8221; global_colors_info=&#8221;{}&#8221;][et_pb_blurb title=&#8221;+1500&#8243; image_icon_background_color=&#8221;RGBA(255,255,255,0)&#8221; image=&#8221;https:\/\/byforsil.com\/wp-content\/uploads\/2022\/10\/codice-a-barre.png&#8221; alt=&#8221;For-Sil Codici&#8221; image_icon_width=&#8221;84%&#8221; _builder_version=&#8221;4.18.0&#8243; _module_preset=&#8221;default&#8221; header_level=&#8221;h2&#8243; header_text_align=&#8221;center&#8221; header_text_color=&#8221;#FFFFFF&#8221; header_font_size=&#8221;36px&#8221; header_line_height=&#8221;1.3em&#8221; body_text_align=&#8221;center&#8221; body_text_color=&#8221;#FFFFFF&#8221; body_font_size=&#8221;28px&#8221; header_font_size_tablet=&#8221;30px&#8221; header_font_size_phone=&#8221;30px&#8221; header_font_size_last_edited=&#8221;on|desktop&#8221; body_font_size_tablet=&#8221;26px&#8221; body_font_size_phone=&#8221;23px&#8221; body_font_size_last_edited=&#8221;on|phone&#8221; global_colors_info=&#8221;{}&#8221;]<\/p>\n<p>Produktcodes<\/p>\n<p>[\/et_pb_blurb][\/et_pb_column][et_pb_column type=&#8221;1_4&#8243; _builder_version=&#8221;4.18.0&#8243; _module_preset=&#8221;default&#8221; global_colors_info=&#8221;{}&#8221;][et_pb_blurb title=&#8221;+200&#8243; image_icon_background_color=&#8221;RGBA(255,255,255,0)&#8221; image=&#8221;https:\/\/byforsil.com\/wp-content\/uploads\/2022\/10\/stampo-timbro.png&#8221; alt=&#8221;For-Sil Stampi&#8221; image_icon_width=&#8221;84%&#8221; _builder_version=&#8221;4.18.0&#8243; _module_preset=&#8221;default&#8221; header_level=&#8221;h2&#8243; header_text_align=&#8221;center&#8221; header_text_color=&#8221;#FFFFFF&#8221; header_font_size=&#8221;36px&#8221; header_line_height=&#8221;1.3em&#8221; body_text_align=&#8221;center&#8221; body_text_color=&#8221;#FFFFFF&#8221; body_font_size=&#8221;28px&#8221; header_font_size_tablet=&#8221;30px&#8221; header_font_size_phone=&#8221;30px&#8221; header_font_size_last_edited=&#8221;on|desktop&#8221; body_font_size_tablet=&#8221;26px&#8221; body_font_size_phone=&#8221;23px&#8221; body_font_size_last_edited=&#8221;on|phone&#8221; global_colors_info=&#8221;{}&#8221;]<\/p>\n<p>Bilder<\/p>\n<p>[\/et_pb_blurb][\/et_pb_column][et_pb_column type=&#8221;1_4&#8243; _builder_version=&#8221;4.18.0&#8243; _module_preset=&#8221;default&#8221; global_colors_info=&#8221;{}&#8221;][et_pb_blurb title=&#8221;+300&#8243; image_icon_background_color=&#8221;RGBA(255,255,255,0)&#8221; image=&#8221;https:\/\/byforsil.com\/wp-content\/uploads\/2022\/10\/colori-pigmenti-icona.png&#8221; alt=&#8221;For-Sil Colori e Pigmenti&#8221; image_icon_width=&#8221;84%&#8221; _builder_version=&#8221;4.18.0&#8243; _module_preset=&#8221;default&#8221; header_level=&#8221;h2&#8243; header_text_align=&#8221;center&#8221; header_text_color=&#8221;#FFFFFF&#8221; header_font_size=&#8221;36px&#8221; header_line_height=&#8221;1.3em&#8221; body_text_align=&#8221;center&#8221; body_text_color=&#8221;#FFFFFF&#8221; body_font_size=&#8221;28px&#8221; header_font_size_tablet=&#8221;30px&#8221; header_font_size_phone=&#8221;30px&#8221; header_font_size_last_edited=&#8221;on|desktop&#8221; body_font_size_tablet=&#8221;26px&#8221; body_font_size_phone=&#8221;23px&#8221; body_font_size_last_edited=&#8221;on|phone&#8221; global_colors_info=&#8221;{}&#8221;]<\/p>\n<p>Farbstoffe \/ Pigmente<\/p>\n<p>[\/et_pb_blurb][\/et_pb_column][\/et_pb_row][\/et_pb_section][et_pb_section fb_built=&#8221;1&#8243; admin_label=&#8221;Separatore Uno&#8221; _builder_version=&#8221;4.18.0&#8243; _module_preset=&#8221;default&#8221; background_color=&#8221;RGBA(255,255,255,0)&#8221; min_height=&#8221;30px&#8221; height=&#8221;50px&#8221; max_height=&#8221;50px&#8221; custom_margin=&#8221;0px|0px|0px|0px|true|false&#8221; custom_padding=&#8221;0px|0px|0px|0px|true|true&#8221; top_divider_arrangement=&#8221;above_content&#8221; border_color_all=&#8221;#FFFFFF&#8221; global_colors_info=&#8221;{}&#8221;][et_pb_row _builder_version=&#8221;4.18.0&#8243; _module_preset=&#8221;default&#8221; global_colors_info=&#8221;{}&#8221;][et_pb_column type=&#8221;4_4&#8243; _builder_version=&#8221;4.18.0&#8243; _module_preset=&#8221;default&#8221; global_colors_info=&#8221;{}&#8221;][et_pb_divider color=&#8221;#FFFFFF&#8221; divider_position=&#8221;center&#8221; divider_weight=&#8221;2px&#8221; _builder_version=&#8221;4.18.0&#8243; _module_preset=&#8221;default&#8221; background_color=&#8221;RGBA(255,255,255,0)&#8221; module_alignment=&#8221;center&#8221; custom_margin=&#8221;0px|0px|0px|0px|true|true&#8221; custom_padding=&#8221;0px|0px|0px|0px|true|true&#8221; global_colors_info=&#8221;{}&#8221;][\/et_pb_divider][\/et_pb_column][\/et_pb_row][\/et_pb_section][et_pb_section fb_built=&#8221;1&#8243; admin_label=&#8221;Settori di applicazione stampaggio elastomeri&#8221; _builder_version=&#8221;4.18.0&#8243; _module_preset=&#8221;default&#8221; background_color=&#8221;RGBA(255,255,255,0)&#8221; width=&#8221;98%&#8221; max_width=&#8221;98%&#8221; module_alignment=&#8221;center&#8221; global_colors_info=&#8221;{}&#8221;][et_pb_row _builder_version=&#8221;4.18.0&#8243; _module_preset=&#8221;default&#8221; global_colors_info=&#8221;{}&#8221;][et_pb_column type=&#8221;4_4&#8243; _builder_version=&#8221;4.18.0&#8243; _module_preset=&#8221;default&#8221; global_colors_info=&#8221;{}&#8221;][et_pb_text _builder_version=&#8221;4.18.0&#8243; _module_preset=&#8221;default&#8221; text_text_color=&#8221;#FFFFFF&#8221; header_2_font=&#8221;|700|||||||&#8221; header_2_text_color=&#8221;#FFFFFF&#8221; header_2_font_size=&#8221;40px&#8221; background_layout=&#8221;dark&#8221; header_2_font_size_tablet=&#8221;40px&#8221; header_2_font_size_phone=&#8221;28px&#8221; header_2_font_size_last_edited=&#8221;on|desktop&#8221; global_colors_info=&#8221;{}&#8221;]<\/p>\n<h2>For-Sil Elastomer-Formteil<\/h2>\n<p>[\/et_pb_text][et_pb_text _builder_version=&#8221;4.18.0&#8243; _module_preset=&#8221;default&#8221; text_text_color=&#8221;#FFFFFF&#8221; text_font_size=&#8221;40px&#8221; text_line_height=&#8221;1.2em&#8221; header_2_text_color=&#8221;#FFFFFF&#8221; header_2_font_size=&#8221;28px&#8221; background_layout=&#8221;dark&#8221; text_font_size_tablet=&#8221;40px&#8221; text_font_size_phone=&#8221;30px&#8221; text_font_size_last_edited=&#8221;on|phone&#8221; global_colors_info=&#8221;{}&#8221;]<\/p>\n<p>AGR, ora FOR-SIL, nei suoi 35 anni di attivit\u00e0, ha realizzato e continua a realizzare quanto il mercato chiede con prodotti e articoli tecnici.<\/p>\n<p>[\/et_pb_text][et_pb_text _builder_version=&#8221;4.18.0&#8243; _module_preset=&#8221;default&#8221; text_text_color=&#8221;#FFFFFF&#8221; text_font_size=&#8221;30px&#8221; text_line_height=&#8221;1.2em&#8221; global_colors_info=&#8221;{}&#8221;]<\/p>\n<p>Quello che Forsil \u00e8 in grado di supportare in modo nettamente superiore alla media \u00e8 l\u2019assistenza sia sulla scelta del processo migliore, sia questo di stampaggio (anche LSR), che di estrusione o di finitura, oltre ad un supporto particolare sulla qualit\u00e0 della mescola da scegliere che alla rispondenza alle pi\u00f9 diverse normative internazionali<\/p>\n<p>[\/et_pb_text][et_pb_button button_url=&#8221;@ET-DC@eyJkeW5hbWljIjp0cnVlLCJjb250ZW50IjoicG9zdF9saW5rX3VybF9wYWdlIiwic2V0dGluZ3MiOnsicG9zdF9pZCI6IjEwOTYyNSJ9fQ==@&#8221; button_text=&#8221;COLORANTI e PIGMENTI&#8221; _builder_version=&#8221;4.18.0&#8243; _dynamic_attributes=&#8221;button_url&#8221; _module_preset=&#8221;default&#8221; global_colors_info=&#8221;{}&#8221;][\/et_pb_button][\/et_pb_column][\/et_pb_row][\/et_pb_section][et_pb_section fb_built=&#8221;1&#8243; theme_builder_area=&#8221;post_content&#8221; _builder_version=&#8221;4.19.4&#8243; _module_preset=&#8221;default&#8221; title_text=&#8221;pattern02&#8243; background_image=&#8221;https:\/\/byforsil.com\/wp-content\/uploads\/2022\/09\/pattern02.jpg&#8221; hover_enabled=&#8221;0&#8243; sticky_enabled=&#8221;0&#8243; admin_label=&#8221;Registro Nazionale Aiuti di Stato&#8221;][et_pb_row _builder_version=&#8221;4.19.4&#8243; _module_preset=&#8221;default&#8221; theme_builder_area=&#8221;post_content&#8221;][et_pb_column _builder_version=&#8221;4.19.4&#8243; _module_preset=&#8221;default&#8221; type=&#8221;4_4&#8243; theme_builder_area=&#8221;post_content&#8221;][et_pb_text _builder_version=&#8221;4.19.4&#8243; _module_preset=&#8221;default&#8221; theme_builder_area=&#8221;post_content&#8221; hover_enabled=&#8221;0&#8243; sticky_enabled=&#8221;0&#8243; text_font=&#8221;|600|||||||&#8221; text_text_color=&#8221;#ffffff&#8221; module_id=&#8221;aiuti-di-stato&#8221;]<\/p>\n<p><strong>Informazioni ex art. 1 comma 125, della Legge 4 agosto 2017 n. 124<\/strong><\/p>\n<p>Si informa che dal portale del <a href=\"https:\/\/dsantf.rna.gov.it\/\" target=\"_blank\" rel=\"noopener\" title=\"Registro Nazionale degli Aiuti di Stato\">Registro Nazionale degli Aiuti di Stato<\/a> sono rilevabili le informazioni relative agli aiuti di Stato ed agli aiuti de minimis di cui ha beneficiato la societ\u00e0.<\/p>\n<p>[\/et_pb_text][\/et_pb_column][\/et_pb_row][\/et_pb_section][et_pb_section fb_built=&#8221;1&#8243; admin_label=&#8221;Separatore Uno&#8221; _builder_version=&#8221;4.18.0&#8243; _module_preset=&#8221;default&#8221; background_color=&#8221;RGBA(255,255,255,0)&#8221; min_height=&#8221;30px&#8221; height=&#8221;50px&#8221; max_height=&#8221;50px&#8221; custom_margin=&#8221;0px|0px|0px|0px|true|false&#8221; custom_padding=&#8221;0px|0px|0px|0px|true|true&#8221; top_divider_arrangement=&#8221;above_content&#8221; border_color_all=&#8221;#FFFFFF&#8221; global_colors_info=&#8221;{}&#8221;][et_pb_row _builder_version=&#8221;4.18.0&#8243; _module_preset=&#8221;default&#8221; global_colors_info=&#8221;{}&#8221;][et_pb_column type=&#8221;4_4&#8243; _builder_version=&#8221;4.18.0&#8243; _module_preset=&#8221;default&#8221; global_colors_info=&#8221;{}&#8221;][et_pb_divider color=&#8221;#FFFFFF&#8221; divider_position=&#8221;center&#8221; divider_weight=&#8221;2px&#8221; _builder_version=&#8221;4.18.0&#8243; _module_preset=&#8221;default&#8221; background_color=&#8221;RGBA(255,255,255,0)&#8221; module_alignment=&#8221;center&#8221; custom_margin=&#8221;0px|0px|0px|0px|true|true&#8221; custom_padding=&#8221;0px|0px|0px|0px|true|true&#8221; global_colors_info=&#8221;{}&#8221;][\/et_pb_divider][\/et_pb_column][\/et_pb_row][\/et_pb_section]<\/p>","protected":false},"excerpt":{"rendered":"<p>CrescitaCodici ProdottoStampiColori \/ AdditiviFor-Sil Stampaggio ElastomeriAGR, ora FOR-SIL, nei suoi 35 anni di attivit\u00e0, ha realizzato e continua a realizzare quanto il mercato chiede con prodotti e articoli tecnici.Quello che Forsil \u00e8 in grado di supportare in modo nettamente superiore alla media \u00e8 l\u2019assistenza sia sulla scelta del processo migliore, sia questo di stampaggio (anche [&hellip;]<\/p>","protected":false},"author":1,"featured_media":0,"parent":0,"menu_order":0,"comment_status":"closed","ping_status":"closed","template":"","meta":{"_et_pb_use_builder":"on","_et_pb_old_content":"<!-- wp:divi\/placeholder \/-->","_et_gb_content_width":"","footnotes":""},"class_list":["post-109961","page","type-page","status-publish","hentry"],"_links":{"self":[{"href":"https:\/\/byforsil.com\/de\/wp-json\/wp\/v2\/pages\/109961","targetHints":{"allow":["GET"]}}],"collection":[{"href":"https:\/\/byforsil.com\/de\/wp-json\/wp\/v2\/pages"}],"about":[{"href":"https:\/\/byforsil.com\/de\/wp-json\/wp\/v2\/types\/page"}],"author":[{"embeddable":true,"href":"https:\/\/byforsil.com\/de\/wp-json\/wp\/v2\/users\/1"}],"replies":[{"embeddable":true,"href":"https:\/\/byforsil.com\/de\/wp-json\/wp\/v2\/comments?post=109961"}],"version-history":[{"count":9,"href":"https:\/\/byforsil.com\/de\/wp-json\/wp\/v2\/pages\/109961\/revisions"}],"predecessor-version":[{"id":110546,"href":"https:\/\/byforsil.com\/de\/wp-json\/wp\/v2\/pages\/109961\/revisions\/110546"}],"wp:attachment":[{"href":"https:\/\/byforsil.com\/de\/wp-json\/wp\/v2\/media?parent=109961"}],"curies":[{"name":"wp","href":"https:\/\/api.w.org\/{rel}","templated":true}]}}